{"id":24,"date":"2024-07-12T19:34:44","date_gmt":"2024-07-12T22:34:44","guid":{"rendered":"http:\/\/aloharte.com.ar\/?page_id=24"},"modified":"2024-08-02T10:36:43","modified_gmt":"2024-08-02T13:36:43","slug":"reembolso_devoluciones","status":"publish","type":"page","link":"https:\/\/aloharte.com.ar\/?page_id=24","title":{"rendered":"Pol\u00edtica de devoluciones y reembolsos"},"content":{"rendered":"<ol class=\"wp-block-list\"><li><strong>Pol\u00edtica de Cancelaci\u00f3n<\/strong>: Aplicamos una pol\u00edtica de cancelaci\u00f3n no reembolsable. No se realizar\u00e1n devoluciones bajo ninguna circunstancia.<\/li>\n\n<li><strong>Pago de la Estad\u00eda<\/strong>: El pago total o el saldo de la estad\u00eda se debe realizar al momento del ingreso a la propiedad, sin excepciones.<\/li>\n\n<li><strong>Responsabilidad del Hu\u00e9sped<\/strong>: Al aceptar la tarifa o promoci\u00f3n, el hu\u00e9sped se compromete a pagar la tarifa acordada, incluso en caso de salidas anticipadas u otros cambios por parte del hu\u00e9sped.<\/li>\n\n<li><strong>Acuerdos Iniciales<\/strong>: Lo acordado inicialmente en cuanto a la tarifa y t\u00e9rminos de la estad\u00eda es definitivo y no ser\u00e1 modificado posteriormente.<\/li><\/ol><p><\/p>","protected":false},"excerpt":{"rendered":"","protected":false},"author":1,"featured_media":0,"parent":0,"menu_order":0,"comment_status":"closed","ping_status":"closed","template":"","meta":{"footnotes":""},"class_list":["post-24","page","type-page","status-publish","hentry"],"_links":{"self":[{"href":"https:\/\/aloharte.com.ar\/index.php?rest_route=\/wp\/v2\/pages\/24","targetHints":{"allow":["GET"]}}],"collection":[{"href":"https:\/\/aloharte.com.ar\/index.php?rest_route=\/wp\/v2\/pages"}],"about":[{"href":"https:\/\/aloharte.com.ar\/index.php?rest_route=\/wp\/v2\/types\/page"}],"author":[{"embeddable":true,"href":"https:\/\/aloharte.com.ar\/index.php?rest_route=\/wp\/v2\/users\/1"}],"replies":[{"embeddable":true,"href":"https:\/\/aloharte.com.ar\/index.php?rest_route=%2Fwp%2Fv2%2Fcomments&post=24"}],"version-history":[{"count":2,"href":"https:\/\/aloharte.com.ar\/index.php?rest_route=\/wp\/v2\/pages\/24\/revisions"}],"predecessor-version":[{"id":5464,"href":"https:\/\/aloharte.com.ar\/index.php?rest_route=\/wp\/v2\/pages\/24\/revisions\/5464"}],"wp:attachment":[{"href":"https:\/\/aloharte.com.ar\/index.php?rest_route=%2Fwp%2Fv2%2Fmedia&parent=24"}],"curies":[{"name":"wp","href":"https:\/\/api.w.org\/{rel}","templated":true}]}}