{"id":4349,"date":"2024-02-06T01:56:25","date_gmt":"2024-02-06T04:56:25","guid":{"rendered":"http:\/\/aloharte.com.ar\/?page_id=4349"},"modified":"2024-08-29T18:35:42","modified_gmt":"2024-08-29T21:35:42","slug":"quienes-somos","status":"publish","type":"page","link":"https:\/\/aloharte.com.ar\/?page_id=4349","title":{"rendered":"Quienes somos"},"content":{"rendered":"\t\t<div data-elementor-type=\"wp-page\" data-elementor-id=\"4349\" class=\"elementor elementor-4349\" data-elementor-post-type=\"page\">\n\t\t\t\t<section class=\"elementor-section elementor-top-section elementor-element elementor-element-363e316c elementor-section-boxed elementor-section-height-default elementor-section-height-default\" data-id=\"363e316c\" data-element_type=\"section\">\n\t\t\t\t\t\t<div class=\"elementor-container elementor-column-gap-default\">\n\t\t\t\t\t<div class=\"elementor-column elementor-col-100 elementor-top-column elementor-element elementor-element-bdf767f\" data-id=\"bdf767f\" data-element_type=\"column\">\n\t\t\t<div class=\"elementor-widget-wrap elementor-element-populated\">\n\t\t\t\t\t\t<div class=\"elementor-element elementor-element-1c8bad02 elementor-widget elementor-widget-text-editor\" data-id=\"1c8bad02\" data-element_type=\"widget\" data-widget_type=\"text-editor.default\">\n\t\t\t\t<div class=\"elementor-widget-container\"><\/div>\n\t\t\t\t<\/div>\n\t\t\t\t\t<\/div>\n\t\t<\/div>\n\t\t\t\t\t<\/div>\n\t\t<\/section>\n\t\t\t\t<section class=\"elementor-section elementor-top-section elementor-element elementor-element-022f402 elementor-section-boxed elementor-section-height-default elementor-section-height-default\" data-id=\"022f402\" data-element_type=\"section\">\n\t\t\t\t\t\t<div class=\"elementor-container elementor-column-gap-default\">\n\t\t\t\t\t<div class=\"elementor-column elementor-col-50 elementor-top-column elementor-element elementor-element-29cd08c\" data-id=\"29cd08c\" data-element_type=\"column\">\n\t\t\t<div class=\"elementor-widget-wrap elementor-element-populated\">\n\t\t\t\t\t\t<div class=\"elementor-element elementor-element-c8bd57b elementor-widget elementor-widget-text-editor\" data-id=\"c8bd57b\" data-element_type=\"widget\" data-widget_type=\"text-editor.default\">\n\t\t\t\t<div class=\"elementor-widget-container\">\n\t\t\t\t\t\t\t\t\t<p>Innovando en el Mercado Inmobiliario de alquileres temporarios**<\/p>\n<p>Bienvenidos a Aloharte!, l\u00edderes en el mercado de alquiler temporario y gesti\u00f3n inmobiliaria. Con una trayectoria de casi 10 a\u00f1os, nos enorgullece destacarnos en la oferta de casas de veraneo y su gesti\u00f3n eficiente.<\/p>\n<p>*Nuestra Experiencia*<br>Desde nuestro inicio en 2016, hemos cultivado una reputaci\u00f3n de excelencia en el servicio al cliente y una s\u00f3lida presencia en el mercado. Nuestra experiencia de casi una d\u00e9cada respalda cada alquiler, brindando confianza y seguridad a nuestros clientes.<\/p>\n<p>*Alquiler Temporario de Calidad*<br>Ofrecemos una amplia gama de propiedades para alquiler temporario. Cada una es seleccionada cuidadosamente para garantizar comodidad y satisfacci\u00f3n durante la estad\u00eda de nuestros hu\u00e9spedes.<\/p>\n<p>*Casas de Veraneo Exclusivas*<br>Sum\u00e9rjase en el lujo con nuestras casas de veraneo exclusivas. Dise\u00f1adas para aquellos que buscan experiencias inolvidables, estas propiedades ofrecen un escape \u00fanico con comodidades de primera clase.<\/p>\n<p>*Servicios de Administraci\u00f3n*<br>Nuestro compromiso va m\u00e1s all\u00e1 del alquiler; tambi\u00e9n nos especializamos en la administraci\u00f3n integral de propiedades. Con un equipo dedicado, nos aseguramos de que su inversi\u00f3n est\u00e9 en buenas manos, brindando tranquilidad y rentabilidad.<\/p>\n<p>*Tecnolog\u00eda Innovadora*<br>Abrazamos la tecnolog\u00eda para simplificar y mejorar la experiencia del cliente. Desde plataformas de reserva en l\u00ednea y mensajes automatizados hasta sistemas de gesti\u00f3n eficientes, estamos a la vanguardia para brindar un servicio de calidad adaptado a las necesidades actuales.<\/p>\n<p>*Conclusi\u00f3n*<br>En Aloharte!, no solo ofrecemos propiedades, sino experiencias inolvidables. Nuestra dedicaci\u00f3n, experiencia y compromiso con la excelencia nos convierten en su socio ideal en el emocionante mundo del mercado inmobiliario temporario. Estamos listos para llevar su proyecto al siguiente nivel. \u00a1Bienvenidos a una nueva era de hospitalidad y gesti\u00f3n!<\/p>\t\t\t\t\t\t\t\t<\/div>\n\t\t\t\t<\/div>\n\t\t\t\t\t<\/div>\n\t\t<\/div>\n\t\t\t\t<div class=\"elementor-column elementor-col-50 elementor-top-column elementor-element elementor-element-3d8b302\" data-id=\"3d8b302\" data-element_type=\"column\">\n\t\t\t<div class=\"elementor-widget-wrap elementor-element-populated\">\n\t\t\t\t\t\t<div class=\"elementor-element elementor-element-4daeb33 elementor-widget elementor-widget-image\" data-id=\"4daeb33\" data-element_type=\"widget\" data-widget_type=\"image.default\">\n\t\t\t\t<div class=\"elementor-widget-container\">\n\t\t\t\t\t\t\t\t\t\t\t\t\t\t\t<img fetchpriority=\"high\" decoding=\"async\" width=\"577\" height=\"1024\" src=\"https:\/\/aloharte.com.ar\/wp-content\/uploads\/2024\/02\/pexels-kindel-media-7578984-577x1024.jpg\" class=\"attachment-large size-large wp-image-4364\" alt=\"\" srcset=\"https:\/\/aloharte.com.ar\/wp-content\/uploads\/2024\/02\/pexels-kindel-media-7578984-577x1024.jpg 577w, https:\/\/aloharte.com.ar\/wp-content\/uploads\/2024\/02\/pexels-kindel-media-7578984-169x300.jpg 169w, https:\/\/aloharte.com.ar\/wp-content\/uploads\/2024\/02\/pexels-kindel-media-7578984-768x1363.jpg 768w, https:\/\/aloharte.com.ar\/wp-content\/uploads\/2024\/02\/pexels-kindel-media-7578984-865x1536.jpg 865w, https:\/\/aloharte.com.ar\/wp-content\/uploads\/2024\/02\/pexels-kindel-media-7578984-1154x2048.jpg 1154w, https:\/\/aloharte.com.ar\/wp-content\/uploads\/2024\/02\/pexels-kindel-media-7578984-170x302.jpg 170w, https:\/\/aloharte.com.ar\/wp-content\/uploads\/2024\/02\/pexels-kindel-media-7578984-110x195.jpg 110w, https:\/\/aloharte.com.ar\/wp-content\/uploads\/2024\/02\/pexels-kindel-media-7578984-600x1065.jpg 600w, https:\/\/aloharte.com.ar\/wp-content\/uploads\/2024\/02\/pexels-kindel-media-7578984.jpg 1280w\" sizes=\"(max-width: 577px) 100vw, 577px\" \/>\t\t\t\t\t\t\t\t\t\t\t\t\t\t\t<\/div>\n\t\t\t\t<\/div>\n\t\t\t\t\t<\/div>\n\t\t<\/div>\n\t\t\t\t\t<\/div>\n\t\t<\/section>\t\t<\/div>\n\t\t","protected":false},"excerpt":{"rendered":"<p>Innovando en el Mercado Inmobiliario de alquileres temporarios** Bienvenidos a Aloharte!, l\u00edderes en el mercado de alquiler temporario y gesti\u00f3n inmobiliaria. Con una trayectoria de casi 10 a\u00f1os, nos enorgullece destacarnos en la oferta de casas de veraneo y su gesti\u00f3n eficiente. *Nuestra Experiencia*Desde nuestro inicio en 2016, hemos cultivado una reputaci\u00f3n de excelencia en [&#8230;]\n","protected":false},"author":1,"featured_media":0,"parent":0,"menu_order":0,"comment_status":"closed","ping_status":"closed","template":"elementor_header_footer","meta":{"footnotes":""},"class_list":["post-4349","page","type-page","status-publish","hentry"],"_links":{"self":[{"href":"https:\/\/aloharte.com.ar\/index.php?rest_route=\/wp\/v2\/pages\/4349","targetHints":{"allow":["GET"]}}],"collection":[{"href":"https:\/\/aloharte.com.ar\/index.php?rest_route=\/wp\/v2\/pages"}],"about":[{"href":"https:\/\/aloharte.com.ar\/index.php?rest_route=\/wp\/v2\/types\/page"}],"author":[{"embeddable":true,"href":"https:\/\/aloharte.com.ar\/index.php?rest_route=\/wp\/v2\/users\/1"}],"replies":[{"embeddable":true,"href":"https:\/\/aloharte.com.ar\/index.php?rest_route=%2Fwp%2Fv2%2Fcomments&post=4349"}],"version-history":[{"count":67,"href":"https:\/\/aloharte.com.ar\/index.php?rest_route=\/wp\/v2\/pages\/4349\/revisions"}],"predecessor-version":[{"id":5806,"href":"https:\/\/aloharte.com.ar\/index.php?rest_route=\/wp\/v2\/pages\/4349\/revisions\/5806"}],"wp:attachment":[{"href":"https:\/\/aloharte.com.ar\/index.php?rest_route=%2Fwp%2Fv2%2Fmedia&parent=4349"}],"curies":[{"name":"wp","href":"https:\/\/api.w.org\/{rel}","templated":true}]}}